{"id":12,"date":"2019-02-04T22:59:38","date_gmt":"2019-02-04T22:59:38","guid":{"rendered":"http:\/\/klasenerji.com.tr\/ru\/?page_id=12"},"modified":"2019-02-27T09:57:36","modified_gmt":"2019-02-27T09:57:36","slug":"%d1%81%d0%b2%d1%8f%d0%b6%d0%b8%d1%82%d0%b5%d1%81%d1%8c-%d1%81-%d0%bd%d0%b0%d0%bc%d0%b8","status":"publish","type":"page","link":"https:\/\/klasenerji.com.tr\/ru\/%d1%81%d0%b2%d1%8f%d0%b6%d0%b8%d1%82%d0%b5%d1%81%d1%8c-%d1%81-%d0%bd%d0%b0%d0%bc%d0%b8\/","title":{"rendered":"\u041a\u043e\u043d\u0442\u0430\u043a\u0442\u044b"},"content":{"rendered":"<p><img decoding=\"async\" loading=\"lazy\" class=\"aligncenter wp-image-34 size-full\" src=\"http:\/\/en.klasenerji.com.tr\/wp-content\/uploads\/2019\/02\/klas-kablo-1.jpg\" alt=\"\" width=\"860\" height=\"167\" \/><\/p>\n<p><strong>\u0433\u043e\u043b\u043e\u0432\u043d\u043e\u0439 \u043e\u0444\u0438\u0441<\/strong><\/p>\n<p><strong>\u0430\u0434\u0440\u0435\u0441\u00a0\u00a0\u00a0\u00a0\u00a0\u00a0 \u00a0\u00a0 \u00a0 <\/strong><strong>:<\/strong> Had\u0131mk\u00f6y \u00d6merli Mah. Uzun\u00e7ay\u0131r Cad. No : 13\/2 Arnavutk\u00f6y \u0130STANBUL<\/p>\n<p><strong>\u0442\u0435\u043b\u0435\u0444\u043e\u043d\u00a0\u00a0\u00a0\u00a0\u00a0\u00a0 <\/strong><strong>\u00a0:<\/strong> 444 72 80 (pbx)<\/p>\n<p><strong>\u0444\u0430\u043a\u0441\u00a0\u00a0\u00a0\u00a0\u00a0\u00a0\u00a0 \u00a0\u00a0 <\/strong><strong>\u00a0 : <\/strong>+90 (212) 771 50 59<\/p>\n<p><strong>\u043f\u043e\u0447\u0442\u0430\u00a0\u00a0\u00a0\u00a0 \u00a0\u00a0 \u00a0 <\/strong><strong>\u00a0 :<\/strong> klas@klasenerji.com.tr<\/p>\n<p><iframe loading=\"lazy\" src=\"https:\/\/www.google.com\/maps\/embed?pb=!1m18!1m12!1m3!1d3004.7151487248675!2d28.630992314813692!3d41.14074391921272!2m3!1f0!2f0!3f0!3m2!1i1024!2i768!4f13.1!3m3!1m2!1s0x14b5579939e846d5%3A0x81b26bcb347e824e!2sKLAS+KABLO!5e0!3m2!1str!2str!4v1518993760401\" width=\"600\" height=\"450\" frameborder=\"0\" allowfullscreen=\"allowfullscreen\" data-mce-fragment=\"1\"><\/iframe><\/p>\n","protected":false},"excerpt":{"rendered":"<p>\u0433\u043e\u043b\u043e\u0432\u043d\u043e\u0439 \u043e\u0444\u0438\u0441 \u0430\u0434\u0440\u0435\u0441\u00a0\u00a0\u00a0\u00a0\u00a0\u00a0 \u00a0\u00a0 \u00a0 : Had\u0131mk\u00f6y \u00d6merli Mah. Uzun\u00e7ay\u0131r Cad. No : 13\/2 Arnavutk\u00f6y \u0130STANBUL \u0442\u0435\u043b\u0435\u0444\u043e\u043d\u00a0\u00a0\u00a0\u00a0\u00a0\u00a0 \u00a0: 444 72 80 (pbx) \u0444\u0430\u043a\u0441\u00a0\u00a0\u00a0\u00a0\u00a0\u00a0\u00a0 \u00a0\u00a0 \u00a0 : +90 (212) 771 50 59 \u043f\u043e\u0447\u0442\u0430\u00a0\u00a0\u00a0\u00a0 \u00a0\u00a0 \u00a0 \u00a0 : klas@klasenerji.com.tr<\/p>\n","protected":false},"author":1,"featured_media":0,"parent":0,"menu_order":0,"comment_status":"closed","ping_status":"closed","template":"","meta":[],"_links":{"self":[{"href":"https:\/\/klasenerji.com.tr\/ru\/wp-json\/wp\/v2\/pages\/12"}],"collection":[{"href":"https:\/\/klasenerji.com.tr\/ru\/wp-json\/wp\/v2\/pages"}],"about":[{"href":"https:\/\/klasenerji.com.tr\/ru\/wp-json\/wp\/v2\/types\/page"}],"author":[{"embeddable":true,"href":"https:\/\/klasenerji.com.tr\/ru\/wp-json\/wp\/v2\/users\/1"}],"replies":[{"embeddable":true,"href":"https:\/\/klasenerji.com.tr\/ru\/wp-json\/wp\/v2\/comments?post=12"}],"version-history":[{"count":5,"href":"https:\/\/klasenerji.com.tr\/ru\/wp-json\/wp\/v2\/pages\/12\/revisions"}],"predecessor-version":[{"id":126,"href":"https:\/\/klasenerji.com.tr\/ru\/wp-json\/wp\/v2\/pages\/12\/revisions\/126"}],"wp:attachment":[{"href":"https:\/\/klasenerji.com.tr\/ru\/wp-json\/wp\/v2\/media?parent=12"}],"curies":[{"name":"wp","href":"https:\/\/api.w.org\/{rel}","templated":true}]}}